{"id":3,"date":"2023-11-27T12:17:41","date_gmt":"2023-11-27T12:17:41","guid":{"rendered":"https:\/\/new.montcorr.com\/?page_id=3"},"modified":"2025-11-24T01:40:27","modified_gmt":"2025-11-24T01:40:27","slug":"privacy-policy","status":"publish","type":"page","link":"https:\/\/montcorr.com\/en\/privacy-policy","title":{"rendered":"Privacy Policy"},"content":{"rendered":"<p>[et_pb_section fb_built=\u00a0\u00bb1&Prime; admin_label=\u00a0\u00bbsection\u00a0\u00bb _builder_version=\u00a0\u00bb4.16&Prime; global_colors_info=\u00a0\u00bb{}\u00a0\u00bb][et_pb_row admin_label=\u00a0\u00bbrow\u00a0\u00bb _builder_version=\u00a0\u00bb4.16&Prime; background_size=\u00a0\u00bbinitial\u00a0\u00bb background_position=\u00a0\u00bbtop_left\u00a0\u00bb background_repeat=\u00a0\u00bbrepeat\u00a0\u00bb global_colors_info=\u00a0\u00bb{}\u00a0\u00bb][et_pb_column type=\u00a0\u00bb4_4&Prime; _builder_version=\u00a0\u00bb4.16&Prime; custom_padding=\u00a0\u00bb|||\u00a0\u00bb global_colors_info=\u00a0\u00bb{}\u00a0\u00bb custom_padding__hover=\u00a0\u00bb|||\u00a0\u00bb][et_pb_heading title=\u00a0\u00bbPolitique de confidentialit\u00e9\u00a0\u00bb _builder_version=\u00a0\u00bb4.27.4&Prime; _module_preset=\u00a0\u00bbdefault\u00a0\u00bb global_colors_info=\u00a0\u00bb{}\u00a0\u00bb][\/et_pb_heading][\/et_pb_column][\/et_pb_row][et_pb_row _builder_version=\u00a0\u00bb4.27.4&Prime; _module_preset=\u00a0\u00bbdefault\u00a0\u00bb global_colors_info=\u00a0\u00bb{}\u00a0\u00bb][et_pb_column type=\u00a0\u00bb4_4&Prime; _builder_version=\u00a0\u00bb4.27.4&Prime; _module_preset=\u00a0\u00bbdefault\u00a0\u00bb global_colors_info=\u00a0\u00bb{}\u00a0\u00bb][et_pb_text _builder_version=\u00a0\u00bb4.27.4&Prime; _module_preset=\u00a0\u00bbdefault\u00a0\u00bb text_font_size=\u00a0\u00bb14px\u00a0\u00bb custom_padding=\u00a0\u00bb||24px||false|false\u00a0\u00bb global_colors_info=\u00a0\u00bb{}\u00a0\u00bb]<\/p>\n<p data-start=\"341\" data-end=\"508\"><strong data-start=\"341\" data-end=\"368\">Octobre 2025<\/p>\n<p>[\/et_pb_text][et_pb_text _builder_version=\u00a0\u00bb4.27.4&Prime; _module_preset=\u00a0\u00bbdefault\u00a0\u00bb text_font=\u00a0\u00bb|&#8211;et_global_body_font_weight|||||||\u00a0\u00bb text_text_color=\u00a0\u00bb#707070&Prime; text_font_size=\u00a0\u00bb13px\u00a0\u00bb custom_padding=\u00a0\u00bb||24px||false|false\u00a0\u00bb global_colors_info=\u00a0\u00bb{}\u00a0\u00bb]<\/p>\n<p>Les Emballages Montcorr accorde une grande importance \u00e0 la protection de vos renseignements personnels et s\u2019engage \u00e0 respecter les exigences de la Loi 25 (Qu\u00e9bec).<\/p>\n<p>[\/et_pb_text][et_pb_heading title=\u00a0\u00bb1. Renseignements personnels recueillis\u00a0\u00bb _builder_version=\u00a0\u00bb4.27.4&Prime; _module_preset=\u00a0\u00bbdefault\u00a0\u00bb title_level=\u00a0\u00bbh2&Prime; title_text_color=\u00a0\u00bb#222244&Prime; title_font_size=\u00a0\u00bb20px\u00a0\u00bb custom_margin=\u00a0\u00bb||16px||false|false\u00a0\u00bb global_colors_info=\u00a0\u00bb{}\u00a0\u00bb][\/et_pb_heading][et_pb_text _builder_version=\u00a0\u00bb4.27.4&Prime; _module_preset=\u00a0\u00bbdefault\u00a0\u00bb text_font=\u00a0\u00bb&#8211;et_global_body_font|&#8211;et_global_body_font_weight|||||||\u00a0\u00bb text_text_color=\u00a0\u00bb#707070&Prime; text_font_size=\u00a0\u00bb13px\u00a0\u00bb global_colors_info=\u00a0\u00bb{}\u00a0\u00bb]<\/p>\n<p>Nous ne recueillons aucun renseignement personnel lorsque vous naviguez sur notre site Web, \u00e0 moins que vous choisissiez volontairement de nous en fournir.<\/p>\n<p>La seule situation o\u00f9 vos donn\u00e9es peuvent \u00eatre collect\u00e9es est la suivante :<\/p>\n<p>1. lorsque vous remplissez le formulaire de contact pour obtenir des informations ou communiquer avec nous.<\/p>\n<p>Les renseignements pouvant \u00eatre demand\u00e9s incluent :<\/p>\n<p>&#8211; votre nom<br \/>&#8211; votre adresse courriel<br \/>&#8211; votre num\u00e9ro de t\u00e9l\u00e9phone<br \/>&#8211; le contenu de votre message<\/p>\n<p>&nbsp;<\/p>\n<p>[\/et_pb_text][et_pb_heading title=\u00a0\u00bb2. Finalit\u00e9 de la collecte\u00a0\u00bb _builder_version=\u00a0\u00bb4.27.4&Prime; _module_preset=\u00a0\u00bbdefault\u00a0\u00bb title_level=\u00a0\u00bbh2&Prime; title_text_color=\u00a0\u00bb#222244&Prime; title_font_size=\u00a0\u00bb20px\u00a0\u00bb custom_margin=\u00a0\u00bb||16px||false|false\u00a0\u00bb global_colors_info=\u00a0\u00bb{}\u00a0\u00bb][\/et_pb_heading][et_pb_text _builder_version=\u00a0\u00bb4.27.4&Prime; _module_preset=\u00a0\u00bbdefault\u00a0\u00bb text_font=\u00a0\u00bb&#8211;et_global_body_font|&#8211;et_global_body_font_weight|||||||\u00a0\u00bb text_text_color=\u00a0\u00bb#707070&Prime; text_font_size=\u00a0\u00bb13px\u00a0\u00bb global_colors_info=\u00a0\u00bb{}\u00a0\u00bb]<\/p>\n<p data-start=\"1097\" data-end=\"1200\">Les renseignements transmis via notre formulaire de contact sont utilis\u00e9s exclusivement dans le but :<\/p>\n<ul data-start=\"1201\" data-end=\"1313\">\n<li data-start=\"1201\" data-end=\"1260\">\n<p data-start=\"1203\" data-end=\"1260\">de r\u00e9pondre \u00e0 votre demande d\u2019information ou de suivi ;<\/p>\n<\/li>\n<li data-start=\"1261\" data-end=\"1313\">\n<p data-start=\"1263\" data-end=\"1313\">de communiquer avec vous au sujet de nos services.<\/p>\n<\/li>\n<\/ul>\n<p data-start=\"1315\" data-end=\"1423\">Aucune des donn\u00e9es recueillies ne sera vendue, partag\u00e9e ou utilis\u00e9e \u00e0 d\u2019autres fins sans votre consentement.<\/p>\n<p data-start=\"1315\" data-end=\"1423\">\n<p data-start=\"1315\" data-end=\"1423\">\n<p>[\/et_pb_text][et_pb_heading title=\u00a0\u00bb3. Consentement\u00a0\u00bb _builder_version=\u00a0\u00bb4.27.4&Prime; _module_preset=\u00a0\u00bbdefault\u00a0\u00bb title_level=\u00a0\u00bbh2&Prime; title_text_color=\u00a0\u00bb#222244&Prime; title_font_size=\u00a0\u00bb20px\u00a0\u00bb custom_margin=\u00a0\u00bb||16px||false|false\u00a0\u00bb global_colors_info=\u00a0\u00bb{}\u00a0\u00bb][\/et_pb_heading][et_pb_text _builder_version=\u00a0\u00bb4.27.4&Prime; _module_preset=\u00a0\u00bbdefault\u00a0\u00bb text_font=\u00a0\u00bb&#8211;et_global_body_font|&#8211;et_global_body_font_weight|||||||\u00a0\u00bb text_text_color=\u00a0\u00bb#707070&Prime; text_font_size=\u00a0\u00bb13px\u00a0\u00bb custom_padding=\u00a0\u00bb||24px||false|false\u00a0\u00bb global_colors_info=\u00a0\u00bb{}\u00a0\u00bb]<\/p>\n<p>En soumettant le formulaire de contact, vous consentez \u00e0 ce que les renseignements transmis soient utilis\u00e9s pour r\u00e9pondre \u00e0 votre demande.<\/p>\n<p>Vous pouvez retirer votre consentement en tout temps en nous contactant \u00e0 l\u2019adresse indiqu\u00e9e ci-dessous.<\/p>\n<\/p>\n<p>[\/et_pb_text][et_pb_heading title=\u00a0\u00bb4. Conservation des donn\u00e9es\u00a0\u00bb _builder_version=\u00a0\u00bb4.27.4&Prime; _module_preset=\u00a0\u00bbdefault\u00a0\u00bb title_level=\u00a0\u00bbh2&Prime; title_text_color=\u00a0\u00bb#222244&Prime; title_font_size=\u00a0\u00bb20px\u00a0\u00bb custom_margin=\u00a0\u00bb||16px||false|false\u00a0\u00bb global_colors_info=\u00a0\u00bb{}\u00a0\u00bb][\/et_pb_heading][et_pb_text _builder_version=\u00a0\u00bb4.27.4&Prime; _module_preset=\u00a0\u00bbdefault\u00a0\u00bb text_font=\u00a0\u00bb&#8211;et_global_body_font|&#8211;et_global_body_font_weight|||||||\u00a0\u00bb text_text_color=\u00a0\u00bb#707070&Prime; text_font_size=\u00a0\u00bb13px\u00a0\u00bb global_colors_info=\u00a0\u00bb{}\u00a0\u00bb]<\/p>\n<p data-start=\"1097\" data-end=\"1200\">Les informations que vous nous fournissez sont conserv\u00e9es seulement pour la dur\u00e9e n\u00e9cessaire \u00e0 la finalit\u00e9 du traitement, soit :<\/p>\n<ul>\n<li>le temps requis pour r\u00e9pondre \u00e0 votre demande ou assurer un suivi ad\u00e9quat.<\/p>\n<\/li>\n<li>Ensuite, les renseignements sont supprim\u00e9s ou anonymis\u00e9s de fa\u00e7on s\u00e9curitaire.<\/li>\n<\/ul>\n<p data-start=\"1937\" data-end=\"2015\">\n<p data-start=\"1937\" data-end=\"2015\">\n<p>[\/et_pb_text][et_pb_heading title=\u00a0\u00bb5. S\u00e9curit\u00e9\u00a0\u00bb _builder_version=\u00a0\u00bb4.27.4&Prime; _module_preset=\u00a0\u00bbdefault\u00a0\u00bb title_level=\u00a0\u00bbh2&Prime; title_text_color=\u00a0\u00bb#222244&Prime; title_font_size=\u00a0\u00bb20px\u00a0\u00bb custom_margin=\u00a0\u00bb||16px||false|false\u00a0\u00bb global_colors_info=\u00a0\u00bb{}\u00a0\u00bb][\/et_pb_heading][et_pb_text _builder_version=\u00a0\u00bb4.27.4&Prime; _module_preset=\u00a0\u00bbdefault\u00a0\u00bb text_font=\u00a0\u00bb&#8211;et_global_body_font|&#8211;et_global_body_font_weight|||||||\u00a0\u00bb text_text_color=\u00a0\u00bb#707070&Prime; text_font_size=\u00a0\u00bb13px\u00a0\u00bb global_colors_info=\u00a0\u00bb{}\u00a0\u00bb]<\/p>\n<p>Nous mettons en place des mesures raisonnables pour prot\u00e9ger vos donn\u00e9es contre l\u2019acc\u00e8s ou l\u2019utilisation non autoris\u00e9e.<\/p>\n<p data-start=\"2156\" data-end=\"2336\">Dans l\u2019\u00e9ventualit\u00e9 peu probable d\u2019un incident touchant la confidentialit\u00e9 de vos renseignements personnels, nous respecterons les obligations de notification pr\u00e9vues par la Loi 25.<\/p>\n<p data-start=\"2156\" data-end=\"2336\">\n<p data-start=\"2156\" data-end=\"2336\">\n<p>[\/et_pb_text][et_pb_heading title=\u00a0\u00bb6. Vos droits\u00a0\u00bb _builder_version=\u00a0\u00bb4.27.4&Prime; _module_preset=\u00a0\u00bbdefault\u00a0\u00bb title_level=\u00a0\u00bbh2&Prime; title_text_color=\u00a0\u00bb#222244&Prime; title_font_size=\u00a0\u00bb20px\u00a0\u00bb custom_margin=\u00a0\u00bb||16px||false|false\u00a0\u00bb global_colors_info=\u00a0\u00bb{}\u00a0\u00bb][\/et_pb_heading][et_pb_text _builder_version=\u00a0\u00bb4.27.4&Prime; _module_preset=\u00a0\u00bbdefault\u00a0\u00bb text_font=\u00a0\u00bb&#8211;et_global_body_font|&#8211;et_global_body_font_weight|||||||\u00a0\u00bb text_text_color=\u00a0\u00bb#707070&Prime; text_font_size=\u00a0\u00bb13px\u00a0\u00bb global_colors_info=\u00a0\u00bb{}\u00a0\u00bb]<\/p>\n<p>Vous pouvez :<\/p>\n<ul data-start=\"2374\" data-end=\"2552\">\n<li data-start=\"2374\" data-end=\"2455\">\n<p data-start=\"2376\" data-end=\"2455\">demander d\u2019acc\u00e9der aux renseignements personnels que nous d\u00e9tenons sur vous ;<\/p>\n<\/li>\n<li data-start=\"2456\" data-end=\"2508\">\n<p data-start=\"2458\" data-end=\"2508\">demander la rectification de donn\u00e9es inexactes ;<\/p>\n<\/li>\n<li data-start=\"2509\" data-end=\"2552\">\n<p data-start=\"2511\" data-end=\"2552\">retirer votre consentement \u00e0 tout moment.<\/p>\n<\/li>\n<\/ul>\n<p data-start=\"2554\" data-end=\"2629\">Pour exercer l\u2019un ou l\u2019autre de ces droits, veuillez communiquer avec nous.<\/p>\n<p data-start=\"2554\" data-end=\"2629\">\n<p data-start=\"2554\" data-end=\"2629\">\n<p data-start=\"2554\" data-end=\"2629\">\n<p>[\/et_pb_text][et_pb_text _builder_version=\u00a0\u00bb4.27.4&Prime; _module_preset=\u00a0\u00bbdefault\u00a0\u00bb text_font=\u00a0\u00bb&#8211;et_global_body_font|&#8211;et_global_body_font_weight|||||||\u00a0\u00bb text_text_color=\u00a0\u00bb#707070&Prime; text_font_size=\u00a0\u00bb13px\u00a0\u00bb global_colors_info=\u00a0\u00bb{}\u00a0\u00bb]<\/p>\n<p><span>Pour toute question ou demande concernant vos renseignements personnels :<\/span><br data-start=\"2821\" data-end=\"2824\" \/><strong data-start=\"2824\" data-end=\"2838\">Courriel :<\/strong><span> services@montcorr.com<\/span><br data-start=\"2857\" data-end=\"2860\" \/><strong data-start=\"2860\" data-end=\"2875\">T\u00e9l\u00e9phone :<\/strong><span> 1 800 763-0921<\/span><\/p>\n<p><span><\/span><\/p>\n<p><span><\/span><\/p>\n<p><span><\/span><\/p>\n<p>[\/et_pb_text][et_pb_heading title=\u00a0\u00bb8. Mise \u00e0 jour de la politique\u00a0\u00bb _builder_version=\u00a0\u00bb4.27.4&Prime; _module_preset=\u00a0\u00bbdefault\u00a0\u00bb title_level=\u00a0\u00bbh2&Prime; title_text_color=\u00a0\u00bb#222244&Prime; title_font_size=\u00a0\u00bb20px\u00a0\u00bb custom_margin=\u00a0\u00bb||16px||false|false\u00a0\u00bb global_colors_info=\u00a0\u00bb{}\u00a0\u00bb][\/et_pb_heading][et_pb_text _builder_version=\u00a0\u00bb4.27.4&Prime; _module_preset=\u00a0\u00bbdefault\u00a0\u00bb text_font=\u00a0\u00bb&#8211;et_global_body_font|&#8211;et_global_body_font_weight|||||||\u00a0\u00bb text_text_color=\u00a0\u00bb#707070&Prime; text_font_size=\u00a0\u00bb13px\u00a0\u00bb global_colors_info=\u00a0\u00bb{}\u00a0\u00bb]<\/p>\n<p>\u00a0<span>La pr\u00e9sente Politique peut \u00eatre mise \u00e0 jour afin de refl\u00e9ter tout changement l\u00e9gal, technologique ou op\u00e9rationnel. La date de la derni\u00e8re r\u00e9vision appara\u00eetra au haut de cette page.<\/span><\/p>\n<p><span><\/span><\/p>\n<p><span><\/span><\/p>\n<p>[\/et_pb_text][\/et_pb_column][\/et_pb_row][\/et_pb_section]<\/p>\n","protected":false},"excerpt":{"rendered":"<p>Octobre 2025Les Emballages Montcorr accorde une grande importance \u00e0 la protection de vos renseignements personnels et s\u2019engage \u00e0 respecter les exigences de la Loi 25 (Qu\u00e9bec).Nous ne recueillons aucun renseignement personnel lorsque vous naviguez sur notre site Web, \u00e0 moins que vous choisissiez volontairement de nous en fournir. La seule situation o\u00f9 vos donn\u00e9es peuvent [&hellip;]<\/p>\n","protected":false},"author":1,"featured_media":0,"parent":0,"menu_order":0,"comment_status":"closed","ping_status":"open","template":"","meta":{"_et_pb_use_builder":"on","_et_pb_old_content":"<!-- wp:heading -->\n<h2 class=\"wp-block-heading\"><\/h2>\n<!-- \/wp:heading -->\n\n<!-- wp:paragraph -->\n<p>Chez MontCorr, nous accordons une grande importance \u00e0 la protection de vos renseignements personnels. Conform\u00e9ment \u00e0 la Loi 25 du Qu\u00e9bec, nous avons mis en place des mesures claires pour garantir une collecte, une utilisation, une communication et une conservation de vos donn\u00e9es personnelles respectueuses de vos droits.<\/p>\n<!-- \/wp:paragraph -->\n\n<!-- wp:heading {\"level\":4} -->\n<h4 class=\"wp-block-heading\">1. Champ d\u2019application<\/h4>\n<!-- \/wp:heading -->\n\n<!-- wp:paragraph -->\n<p>Cette Politique s\u2019applique \u00e0 tous les renseignements personnels que nous recueillons ou traitons dans le cadre de nos activit\u00e9s au Qu\u00e9bec. La Loi 25 s\u2019applique aux entreprises et organismes qui collectent, d\u00e9tiennent ou utilisent des renseignements personnels concernant des personnes physiques et habitant au Qu\u00e9bec.\u00a0<\/p>\n<!-- \/wp:paragraph -->\n\n<!-- wp:heading {\"level\":4} -->\n<h4 class=\"wp-block-heading\">2. Principes de gouvernance et responsabilit\u00e9<\/h4>\n<!-- \/wp:heading -->\n\n<!-- wp:paragraph -->\n<p>Nous avons nomm\u00e9 un responsable de la protection des renseignements personnels, dont les coordonn\u00e9es sont disponibles sur demande. Conform\u00e9ment \u00e0 la Loi 25, ce r\u00f4le garantit que nos pratiques respectent les obligations l\u00e9gales en mati\u00e8re de vie priv\u00e9e.&nbsp;<a href=\"https:\/\/www.quebec.ca\/nouvelles\/actualites\/details\/loi-25-nouvelles-dispositions-protegeant-la-vie-privee-des-quebecois-certaines-dispositions-entrent-en-vigueur-aujourdhui-43212?utm_source=chatgpt.com\" target=\"_blank\" rel=\"noreferrer noopener\">Quebec+1<\/a><\/p>\n<!-- \/wp:paragraph -->\n\n<!-- wp:heading {\"level\":4} -->\n<h4 class=\"wp-block-heading\">3. Consentement, transparence et finalit\u00e9<\/h4>\n<!-- \/wp:heading -->\n\n<!-- wp:paragraph -->\n<p>Avant de collecter vos renseignements personnels, nous vous informons de fa\u00e7on claire et simple :<\/p>\n<!-- \/wp:paragraph -->\n\n<!-- wp:list -->\n<ul class=\"wp-block-list\"><!-- wp:list-item -->\n<li>des finalit\u00e9s de la collecte (pourquoi nous recueillons ces donn\u00e9es) ;<\/li>\n<!-- \/wp:list-item -->\n\n<!-- wp:list-item -->\n<li>de l\u2019usage qui en sera fait ;<\/li>\n<!-- \/wp:list-item -->\n\n<!-- wp:list-item -->\n<li>des options de retrait ou de modification.<br>Le consentement est requis dans les cas pr\u00e9vus par la Loi 25 et doit \u00eatre distinct de tout autre document.\u00a0<a href=\"https:\/\/www.quebec.ca\/nouvelles\/actualites\/details\/loi-25-sur-la-protection-des-renseignements-personnels-des-citoyens-du-quebec-entree-en-vigueur-de-nouvelles-dispositions-qui-font-du-quebec-un-chef-de-file-mondial-50726?utm_source=chatgpt.com\" target=\"_blank\" rel=\"noreferrer noopener\">Quebec+1<\/a><\/li>\n<!-- \/wp:list-item --><\/ul>\n<!-- \/wp:list -->\n\n<!-- wp:heading {\"level\":4} -->\n<h4 class=\"wp-block-heading\">4. Droits des personnes concern\u00e9es<\/h4>\n<!-- \/wp:heading -->\n\n<!-- wp:paragraph -->\n<p>Vous b\u00e9n\u00e9ficiez des droits suivants :<\/p>\n<!-- \/wp:paragraph -->\n\n<!-- wp:list -->\n<ul class=\"wp-block-list\"><!-- wp:list-item -->\n<li>droit d\u2019acc\u00e8s : vous pouvez demander de consulter les renseignements que nous d\u00e9tenons \u00e0 votre sujet ;<\/li>\n<!-- \/wp:list-item -->\n\n<!-- wp:list-item -->\n<li>droit de rectification : corriger des donn\u00e9es inexactes ;<\/li>\n<!-- \/wp:list-item -->\n\n<!-- wp:list-item -->\n<li>droit \u00e0 l\u2019effacement ou anonymisation lorsque applicable ;<\/li>\n<!-- \/wp:list-item -->\n\n<!-- wp:list-item -->\n<li>droit \u00e0 la portabilit\u00e9 : depuis le 22 septembre 2024, vous pouvez demander que vos renseignements informatis\u00e9s vous soient fournis dans un format structur\u00e9 et couramment utilis\u00e9, ou transf\u00e9r\u00e9s \u00e0 un autre organisme.\u00a0<\/li>\n<!-- \/wp:list-item -->\n\n<!-- wp:list-item -->\n<li>droit de vous opposer \u00e0 certains traitements automatis\u00e9s ou profilages.\u00a0<\/li>\n<!-- \/wp:list-item --><\/ul>\n<!-- \/wp:list -->\n\n<!-- wp:heading {\"level\":4} -->\n<h4 class=\"wp-block-heading\">5. S\u00e9curit\u00e9, conservation et destruction<\/h4>\n<!-- \/wp:heading -->\n\n<!-- wp:paragraph -->\n<p>Nous mettons en \u0153uvre des mesures techniques et organisationnelles appropri\u00e9es pour prot\u00e9ger vos renseignements contre la perte, le vol, l\u2019acc\u00e8s non autoris\u00e9 ou toute autre forme d\u2019atteinte. Nous conservons les donn\u00e9es uniquement le temps n\u00e9cessaire aux finalit\u00e9s pour lesquelles elles ont \u00e9t\u00e9 recueillies, puis proc\u00e9dons \u00e0 leur destruction ou anonymisation.\u00a0<a href=\"https:\/\/bigid.com\/fr\/blog\/quebec-law-25-canada-new-privacy-law-requirements\/?utm_source=chatgpt.com\" target=\"_blank\" rel=\"noreferrer noopener\">B<\/a><\/p>\n<!-- \/wp:paragraph -->\n\n<!-- wp:heading {\"level\":4} -->\n<h4 class=\"wp-block-heading\">6. Notification en cas d\u2019incident<\/h4>\n<!-- \/wp:heading -->\n\n<!-- wp:paragraph -->\n<p>En cas d\u2019atteinte aux renseignements personnels susceptible de causer un pr\u00e9judice grave, nous en avisons promptement la Commission d\u2019acc\u00e8s \u00e0 l\u2019information du Qu\u00e9bec (CAI) ainsi que les personnes concern\u00e9es, conform\u00e9ment \u00e0 la Loi 25.<\/p>\n<!-- \/wp:paragraph -->\n\n<!-- wp:heading {\"level\":4} -->\n<h4 class=\"wp-block-heading\">7. Politique accessible et mise \u00e0 jour<\/h4>\n<!-- \/wp:heading -->\n\n<!-- wp:paragraph -->\n<p>Cette politique est publi\u00e9e sur notre site web et mise \u00e0 jour r\u00e9guli\u00e8rement afin de refl\u00e9ter les exigences l\u00e9gales ainsi que les meilleures pratiques en mati\u00e8re de protection de la vie priv\u00e9e.<\/p>\n<!-- \/wp:paragraph -->\n\n<!-- wp:heading {\"level\":4} -->\n<h4 class=\"wp-block-heading\">8. Contact<\/h4>\n<!-- \/wp:heading -->\n\n<!-- wp:paragraph -->\n<p>Pour toute demande relative \u00e0 l\u2019exercice de vos droits en vertu de la Loi 25 ou pour obtenir les coordonn\u00e9es de notre responsable de la protection des renseignements personnels, veuillez nous contacter \u00e0 :<br><strong>info@montcorr.com<\/strong><\/p>\n<!-- \/wp:paragraph -->\n\n<!-- wp:separator -->\n<hr class=\"wp-block-separator has-alpha-channel-opacity\"\/>\n<!-- \/wp:separator -->\n\n<!-- wp:paragraph -->\n<p>Nous vous remercions de votre confiance. Chez Emballage MontCorr, votre vie priv\u00e9e est une priorit\u00e9 \u2014 nous nous engageons \u00e0 traiter vos renseignements personnels avec transparence, rigueur et respect.<\/p>\n<!-- \/wp:paragraph -->","_et_gb_content_width":"","footnotes":""},"class_list":["post-3","page","type-page","status-publish","hentry"],"_links":{"self":[{"href":"https:\/\/montcorr.com\/en\/wp-json\/wp\/v2\/pages\/3","targetHints":{"allow":["GET"]}}],"collection":[{"href":"https:\/\/montcorr.com\/en\/wp-json\/wp\/v2\/pages"}],"about":[{"href":"https:\/\/montcorr.com\/en\/wp-json\/wp\/v2\/types\/page"}],"author":[{"embeddable":true,"href":"https:\/\/montcorr.com\/en\/wp-json\/wp\/v2\/users\/1"}],"replies":[{"embeddable":true,"href":"https:\/\/montcorr.com\/en\/wp-json\/wp\/v2\/comments?post=3"}],"version-history":[{"count":17,"href":"https:\/\/montcorr.com\/en\/wp-json\/wp\/v2\/pages\/3\/revisions"}],"predecessor-version":[{"id":1961,"href":"https:\/\/montcorr.com\/en\/wp-json\/wp\/v2\/pages\/3\/revisions\/1961"}],"wp:attachment":[{"href":"https:\/\/montcorr.com\/en\/wp-json\/wp\/v2\/media?parent=3"}],"curies":[{"name":"wp","href":"https:\/\/api.w.org\/{rel}","templated":true}]}}