{"id":1801,"date":"2024-07-15T16:19:20","date_gmt":"2024-07-15T16:19:20","guid":{"rendered":"https:\/\/montcorr.com\/?page_id=1801"},"modified":"2024-07-15T19:30:30","modified_gmt":"2024-07-15T19:30:30","slug":"abeilles","status":"publish","type":"page","link":"https:\/\/montcorr.com\/en\/abeilles","title":{"rendered":"Abeilles"},"content":{"rendered":"\n[et_pb_section fb_built=\u00a0\u00bb1&Prime; _builder_version=\u00a0\u00bb4.25.2&Prime; _module_preset=\u00a0\u00bbdefault\u00a0\u00bb global_colors_info=\u00a0\u00bb{}\u00a0\u00bb][et_pb_row _builder_version=\u00a0\u00bb4.25.2&Prime; _module_preset=\u00a0\u00bbdefault\u00a0\u00bb global_colors_info=\u00a0\u00bb{}\u00a0\u00bb][et_pb_column type=\u00a0\u00bb4_4&Prime; _builder_version=\u00a0\u00bb4.25.2&Prime; _module_preset=\u00a0\u00bbdefault\u00a0\u00bb global_colors_info=\u00a0\u00bb{}\u00a0\u00bb][et_pb_heading title=\u00a0\u00bbDes Abeilles chez Les Emballages Montcorr\u00a0\u00bb _builder_version=\u00a0\u00bb4.25.2&Prime; _module_preset=\u00a0\u00bbdefault\u00a0\u00bb global_colors_info=\u00a0\u00bb{}\u00a0\u00bb][\/et_pb_heading][\/et_pb_column][\/et_pb_row][et_pb_row column_structure=\u00a0\u00bb3_5,2_5&Prime; _builder_version=\u00a0\u00bb4.25.2&Prime; _module_preset=\u00a0\u00bbdefault\u00a0\u00bb hover_enabled=\u00a0\u00bb0&Prime; global_colors_info=\u00a0\u00bb{}\u00a0\u00bb sticky_enabled=\u00a0\u00bb0&Prime;][et_pb_column type=\u00a0\u00bb3_5&Prime; _builder_version=\u00a0\u00bb4.25.2&Prime; _module_preset=\u00a0\u00bbdefault\u00a0\u00bb custom_padding=\u00a0\u00bb|60px|||false|false\u00a0\u00bb global_colors_info=\u00a0\u00bb{}\u00a0\u00bb][et_pb_text _builder_version=\u00a0\u00bb4.25.2&Prime; _module_preset=\u00a0\u00bbdefault\u00a0\u00bb text_font=\u00a0\u00bb|300|||||||\u00a0\u00bb hover_enabled=\u00a0\u00bb0&Prime; global_colors_info=\u00a0\u00bb{}\u00a0\u00bb sticky_enabled=\u00a0\u00bb0&Prime;]<p>C\u2019est avec beaucoup d\u2019enthousiasme que <strong>Les Emballages Montcorr<\/strong> annonce que des ruches font maintenant partie du paysage de notre usine. En effet, gr\u00e2ce \u00e0 un partenariat avec <strong><a href=\"https:\/\/www.mielststan.ca\/\" target=\"_blank\" rel=\"noopener\">Miellerie St-Stanislas<\/a><\/strong>, nous aurons l\u2019occasion de r\u00e9colter du miel en septembre.<\/p>\n<p>Dans le cadre de notre engagement envers le d\u00e9veloppement durable, l\u2019ajout de ruches \u00e0 notre usine est une \u00e9tape significative. Non seulement cela contribuera \u00e0 la pr\u00e9servation des abeilles et de la biodiversit\u00e9 locale, mais cela renforcera \u00e9galement notre mission en tant qu\u2019entreprise respectueuse de l\u2019environnement. En introduisant des ruches \u00e0 notre site de production, nous nous engageons \u00e0 soutenir activement la conservation des abeilles et \u00e0 promouvoir la biodiversit\u00e9 dans notre r\u00e9gion.<\/p>\n<p>Nous sommes impatients de voir les bienfaits de cette initiative se concr\u00e9tiser. En effet, l\u2019introduction des ruches dans notre usine aura un impact positif \u00e0 plusieurs niveaux. Tout d\u2019abord, cela permettra d\u2019assurer la pollinisation des plantes environnantes, favorisant ainsi la croissance et la reproduction des esp\u00e8ces v\u00e9g\u00e9tales locales. De plus, la pr\u00e9sence des abeilles contribuera \u00e0 maintenir l\u2019\u00e9quilibre \u00e9cologique de notre \u00e9cosyst\u00e8me en favorisant la diversit\u00e9 des esp\u00e8ces.<\/p>\n<p>En plus de soutenir la biodiversit\u00e9, l\u2019introduction des ruches dans notre usine permettra \u00e9galement de sensibiliser nos employ\u00e9s et nos clients \u00e0 l\u2019importance des abeilles dans notre \u00e9cosyst\u00e8me.<\/p>\n<p>Enfin, cette initiative refl\u00e8te notre engagement continu envers la protection de l\u2019environnement et notre d\u00e9sir de faire une diff\u00e9rence positive dans notre communaut\u00e9. Nous esp\u00e9rons que cette action inspirera d\u2019autres entreprises \u00e0 suivre notre exemple et \u00e0 prendre des mesures concr\u00e8tes pour pr\u00e9server l\u2019environnement.<\/p>[\/et_pb_text][\/et_pb_column][et_pb_column type=\u00a0\u00bb2_5&Prime; _builder_version=\u00a0\u00bb4.25.2&Prime; _module_preset=\u00a0\u00bbdefault\u00a0\u00bb hover_enabled=\u00a0\u00bb0&Prime; global_colors_info=\u00a0\u00bb{}\u00a0\u00bb custom_padding_last_edited=\u00a0\u00bbon|phone\u00a0\u00bb sticky_enabled=\u00a0\u00bb0&Prime; custom_padding_phone=\u00a0\u00bb30px||||false|false\u00a0\u00bb][et_pb_image src=\u00a0\u00bbhttps:\/\/montcorr.com\/wp-content\/uploads\/2024\/07\/abeille.png\u00a0\u00bb alt=\u00a0\u00bbruches d&rsquo;abeilles\u00a0\u00bb title_text=\u00a0\u00bbabeille\u00a0\u00bb _builder_version=\u00a0\u00bb4.25.2&Prime; _module_preset=\u00a0\u00bbdefault\u00a0\u00bb global_colors_info=\u00a0\u00bb{}\u00a0\u00bb][\/et_pb_image][\/et_pb_column][\/et_pb_row][\/et_pb_section]\n","protected":false},"excerpt":{"rendered":"<p>C\u2019est avec beaucoup d\u2019enthousiasme que Les Emballages Montcorr annonce que des ruches font maintenant partie du paysage de notre usine. En effet, gr\u00e2ce \u00e0 un partenariat avec Miellerie St-Stanislas, nous aurons l\u2019occasion de r\u00e9colter du miel en septembre. Dans le cadre de notre engagement envers le d\u00e9veloppement durable, l\u2019ajout de ruches \u00e0 notre usine est [&hellip;]<\/p>\n","protected":false},"author":1,"featured_media":0,"parent":0,"menu_order":0,"comment_status":"closed","ping_status":"closed","template":"page-template-blank.php","meta":{"_et_pb_use_builder":"on","_et_pb_old_content":"","_et_gb_content_width":"","footnotes":""},"class_list":["post-1801","page","type-page","status-publish","hentry"],"_links":{"self":[{"href":"https:\/\/montcorr.com\/en\/wp-json\/wp\/v2\/pages\/1801","targetHints":{"allow":["GET"]}}],"collection":[{"href":"https:\/\/montcorr.com\/en\/wp-json\/wp\/v2\/pages"}],"about":[{"href":"https:\/\/montcorr.com\/en\/wp-json\/wp\/v2\/types\/page"}],"author":[{"embeddable":true,"href":"https:\/\/montcorr.com\/en\/wp-json\/wp\/v2\/users\/1"}],"replies":[{"embeddable":true,"href":"https:\/\/montcorr.com\/en\/wp-json\/wp\/v2\/comments?post=1801"}],"version-history":[{"count":7,"href":"https:\/\/montcorr.com\/en\/wp-json\/wp\/v2\/pages\/1801\/revisions"}],"predecessor-version":[{"id":1820,"href":"https:\/\/montcorr.com\/en\/wp-json\/wp\/v2\/pages\/1801\/revisions\/1820"}],"wp:attachment":[{"href":"https:\/\/montcorr.com\/en\/wp-json\/wp\/v2\/media?parent=1801"}],"curies":[{"name":"wp","href":"https:\/\/api.w.org\/{rel}","templated":true}]}}